{"id":147,"date":"2015-10-09T17:51:30","date_gmt":"2015-10-09T17:51:30","guid":{"rendered":"http:\/\/broker.commercegurus.com\/?page_id=147"},"modified":"2025-07-29T23:09:15","modified_gmt":"2025-07-29T21:09:15","slug":"therapie-angebot","status":"publish","type":"page","link":"https:\/\/www.naturheilpraxis1a.ch\/index.php\/therapien\/therapie-angebot\/","title":{"rendered":"Therapie Angebot"},"content":{"rendered":"<div class=\"wpb-content-wrapper\"><p>[vc_row type=&#8221;container&#8221; padding_top=&#8221;&#8221; padding_bottom=&#8221;&#8221; css=&#8221;.vc_custom_1449576470084{margin-bottom: 0px !important;}&#8221;][vc_column width=&#8221;1\/2&#8243; css=&#8221;.vc_custom_1475212071894{margin-top: 50px !important;}&#8221;][vc_tta_accordion style=&#8221;modern&#8221; color=&#8221;orange&#8221; active_section=&#8221;1&#8243;][vc_tta_section title=&#8221;Mikron\u00e4hrstoffmedizin (Orthomolekulare Medizin)&#8221; tab_id=&#8221;1475211814388-13643c95-4f81&#8243;][vc_column_text]Die Mikron\u00e4hrstoffmedizin bildet die wissenschaftliche Grundlage f\u00fcr den kausalen <strong>(=urs\u00e4chlich)<\/strong> und labordiagnostisch validierten <strong>(=wirksamen)<\/strong> Einsatz von Vitaminen, Mineralstoffen und anderen bioaktiven N\u00e4hrstoffen &#8211; in physiologischer und\/oder pharmakologischer Dosierung &#8211; zur Pr\u00e4vention und Therapie ern\u00e4hrungsabh\u00e4ngiger und chronisch-degenerativer Erkrankungen (Definition: Uwe Gr\u00f6ber, <strong>Apotheker und Mikron\u00e4hrstoff-Experte<\/strong><strong>,\u00a0<\/strong>2007; Leiter der Akademie f\u00fcr Mikron\u00e4hrstoffmedizin, Essen). <strong>Quelle:\u00a0<a href=\"http:\/\/www.mikronaehrstoff.de\/index.php?page=definition\">http:\/\/www.mikronaehrstoff.de\/index.php?page=definition<\/a><\/strong><\/p>\n<p>Gelingt es fr\u00fchzeitig biochemische St\u00f6rungen mit der richtigen Diagnostik (Blutentnahme, Stuhl-, Urin-, Speichel-, Haaranalyse) zu erkennen (gem\u00e4ss Resultat der validierten Analysen) und zu korrigieren, dann f\u00fchrt die Zufuhr fehlender Mikron\u00e4hrstoffe zu einer Harmonisierung und Normalisierung k\u00f6rpereigener Regulationssysteme.<\/p>\n<p><strong>Aufgaben der Mikron\u00e4hrstoffe:<\/strong><\/p>\n<ul>\n<li>Abwehrleistung des Immunsystems,\u00a0 Immunkompetenz!<\/li>\n<li>Aktivierung von Enzymen und Hormonen<\/li>\n<li>langfristige Sicherung der Gesundheit<\/li>\n<li>Leistungssteigerung des Herzmuskels<\/li>\n<li>Reduktion der Nebenwirkungen von Medikamenten<\/li>\n<li>Optimierung und Regulation des Stoffwechsels zur Leistungssteigerung<\/li>\n<li>Zellwachstum<\/li>\n<li>Reparatur der DNA<\/li>\n<li>Ohne Mikron\u00e4hrstoffe kein ATP, also keine Energie<\/li>\n<li>Impuls\u00fcbertragung und Informationsaustausch der Nervenzellen<\/li>\n<li>Entgiftung\/Entsorgung erh\u00f6hter Schadstoffmengen (Schwermetalle)<\/li>\n<li>Kontraktion der Skelettmuskulatur<\/li>\n<li>und vieles mehr&#8230;.<\/li>\n<\/ul>\n<p><strong>Arzneimittel und Mikron\u00e4hrstoffe<\/strong><\/p>\n<p>So kann man z.B. durch gezielte Einnahme bei Diabetes (durch diverse Studien nachweislich belegt) die negativen Folgen des Zuckers im Rahmen der Langzeitsch\u00e4digung \u00e4usserst positiv beeinflussen. Gleiches gilt f\u00fcr Herz- und Kreislauferkrankungen, MS, Polyarthritis, Arthrose, Osteoporose, Rheuma, Autoimmunerkrankungen,\u00a0 Alzheimer, Parkinson und viele mehr. Durch die <strong>medikationsorientierte Supplementierung von Mikron\u00e4hrstoffen <\/strong>k\u00f6nnen Nebenwirkungen diverser Medikamente (Pille, Orale Antidiabetika, Chemotherapie, Magens\u00e4ureblocker, etc.) durch die Gabe einer personalisierten \u00abSchutz-Therapie\u00bb gemildert oder reduziert werden.<\/p>\n<p>Die Kunst ist es, die individuellen Versorgungsl\u00fccken zu ermitteln (gem\u00e4ss Diagnostik) und zu beheben (Individuell angepasste Einnahme), deshalb gibt es auch <strong>nicht die eine orthomolekulare Tablette, <\/strong>sondern nur eigens an die biochemische Individualit\u00e4t angepasste Einnahmepl\u00e4ne. <strong>Darum: messen \u2013 wissen \u2013 handeln = einnehmen \u2013 \u00fcberpr\u00fcfen \u2013 handeln = Dosierung anpassen \u2013 ein stetiger Kreislauf.<\/strong><\/p>\n<p><strong>Messen <\/strong>&#8211; <strong>Wissen<\/strong> &#8211; <strong>Handeln<\/strong><\/p>\n<p>Laboruntersuchungen (Blut, Urin, etc.) zeigen, dass bei der Mehrheit der von uns untersuchten Personen ein Mangel an lebensnotwendigen Mikron\u00e4hrstoffen (Vitaminen, Aminos\u00e4uren, Spurenelemente, Mineralstoffe) vorliegt und zwar trotz bewusster und \u2018gesunder\u2019 Ern\u00e4hrung! Eine pauschale Aussage wie \u201eWer sich gesund ern\u00e4hrt, ist mit allen N\u00e4hrstoffen versorgt\u201c hilft nicht wirklich weiter. Dazu gibt es eine Untersuchung von Roche, wo der Verlust von Vitalstoffen in Gem\u00fcse \u00fcber Jahre aufgezeigt wurde. <strong>Ein Beispiel von 1985 bis 2002: Brokkoli: Fols\u00e4ure minus 62%, Magnesium minus 55%, Calcium minus 73%!<\/strong><\/p>\n<p>Gewohnheiten wie Fast &amp; Convience Food, Alkohol, Nikotin beeintr\u00e4chtigen die Vitalstoffversorgung ebenfalls negativ.<\/p>\n<p>Viele Lebenssituationen (Stress, Schwangerschaft, akute und chronische Erkrankungen, hohe mentale und k\u00f6rperliche Belastungen, etc.) \u00a0brauchen einen erh\u00f6hten Bedarf an bestimmten Mikron\u00e4hrstoffen.<\/p>\n<p><strong>Gerne zeige ich Ihnen auf, welche Laborwerte in Bezug auf Anamnese, Befunderhebung, Beschwerden, Medikamente, etc. \u00fcberpr\u00fcft werden sollten.<\/strong><\/p>\n<p><strong>Immunsystem st\u00e4rken durch Lifestyle &#8211; Spitzen-Gespr\u00e4ch mit Dr. Jens Freese: <a href=\"https:\/\/youtu.be\/HTLDs34-PiQ\">https:\/\/youtu.be\/HTLDs34-PiQ<\/a><\/strong><\/p>\n<p><strong>Wie st\u00e4rke ich mein Immunsystem? &#8211; Interview mit Dr. Freese <a href=\"https:\/\/youtu.be\/n3nNkQpWWPQ\">https:\/\/youtu.be\/n3nNkQpWWPQ<\/a><\/strong>[\/vc_column_text][\/vc_tta_section][vc_tta_section title=&#8221;Komplement\u00e4rmedizinische Krebstherapie und Beratung&#8221; tab_id=&#8221;1475211978197-05e7906b-5e69&#8243;][vc_column_text]<strong>GRUNDSATZ der Gesellschaft f\u00fcr Biologische Krebsabwehr e.V.<\/strong><\/p>\n<ul>\n<li>Krebs ist keine lokale Erkrankung.<\/li>\n<li>Die Entstehung von Krebs ist vielmehr ein komplexer Prozess, der viele Ursachen hat.<\/li>\n<li>Eine Behandlung des ganzen Menschen als k\u00f6rperliche, seelische und geistige Einheit unterst\u00fctzt daher langfristig den Heilungsprozess.<\/li>\n<li>Wir f\u00f6rdern eine ganzheitliche Medizin, in der sich unterschiedliche Behandlungswege sinnvoll erg\u00e4nzen.<\/li>\n<\/ul>\n<p><strong>Unterst\u00fctzende, individuelle und ganzheitliche Therapiem\u00f6glichkeiten:<\/strong><\/p>\n<p>Alleinig oder erg\u00e4nzend zu schulmedizinischen Therapien (Chemo-, Immun-, Strahlen-, Antihormontherapie, Operationen, etc.) bei kurativer (heilbar), palliativer (unheilbar) Diagnose oder in terminaler Situation.<\/p>\n<p><strong>Ziel:<\/strong><\/p>\n<p>Lebensqualit\u00e4t, bessere Vertr\u00e4glichkeit der konventionellen Therapie, Reduktion der Nebenwirkungen, Regulation des Gewichtes, Reduktion der biologischen Tumormarker, Steigerung von Energie sowie Appetit, Aktivierung der T-Zellen, Erh\u00f6hung der Grundaktivit\u00e4t der nat\u00fcrlichen Killerzellen, signifikante geringere Kardio- und Nephrotoxizit\u00e4t, Stabilisierung und Aufbau des Immunsystems. Und vieles mehr&#8230;.<\/p>\n<p><strong>Zeitpunkt:<\/strong><\/p>\n<p>Komplement\u00e4rmedizinische Therapien sind\u00a0<strong>zus\u00e4tzlich<\/strong>\u00a0<strong>und gleichzeitig<\/strong> zu jeder konventionellen Therapie einsetzbar und k\u00f6nnen zudem auch die Wirkung der konventionellen Therapien unterst\u00fctzen sowie positiv beeinflussen.<\/p>\n<p>Ideal m\u00f6glichst\u00a0<strong>sofort<\/strong>\u00a0nach \u00e4rztlicher Diagnosestellung und\u00a0<strong>parallel<\/strong>\u00a0zur konventionellen Therapie (Operation, Chemo-, Immun-, Strahlentherapie, etc.). Leider kommen viele (austherapierte) Patienten erst (oft zu sp\u00e4t), wenn die Schulmedizin nicht, nicht mehr oder nur ungen\u00fcgend greift. Wenn immer m\u00f6glich ist es sehr sinnvoll, Schulmedizin <strong>UND<\/strong> Komplement\u00e4rmedizin gleichzeitig zu starten.<\/p>\n<p><strong>Zum Termin mitbringen:<\/strong><\/p>\n<p>Arztberichte, Laborwerte, Medikamentenliste (ALLE Medikamente: Chemotherapeutikum, Antik\u00f6rper, Blutzucker, Naturheilmittel, Alternative Mittel, etc.), Untersuchungsberichte (MRT, Pet-CT, CT, Gastroskopie, Operation, Biopsien, etc.), Pathologische und\/oder histologische Befunde (Tumorgewebe).<\/p>\n<p><strong>Integrative Onkologie &#8211; Schulmedizin &#8211; Komplement\u00e4rmedizin<\/strong><\/p>\n<p>Dr. med. Heinz Mastall, Vizepr\u00e4sident der GfBK, erkl\u00e4rt das Zusammenspiel von <strong>Biologischer Onkologie und Schulmedizin<\/strong>. Integrative Onkologie \u2013 Der Krankheit begegnen:\u00a0<strong><a href=\"https:\/\/youtu.be\/Jbzbt4-3Qkw\">https:\/\/youtu.be\/Jbzbt4-3Qkw<\/a><\/strong><\/p>\n<p>Das Manifest einer Medizin Revolution: Keine Tabus mehr im Kampf gegen den Krebs 2011 Integrative Onkologie Klinik Essen-Mitte\u00a0\u00a0<strong><a href=\"https:\/\/www.naturheilpraxis1a.ch\/wp-content\/uploads\/2015\/10\/Krebs_Naturheilkunde__Schulmedizin.pdf\">Krebs_Naturheilkunde_&amp;_Schulmedizin<\/a><\/strong><\/p>\n<p style=\"margin: 0cm;\">Die Geschichte von Krebspatient Peter Zuber: <strong><a href=\"https:\/\/www.krebsfrei.info\/index.html\">www.krebsfrei.info . <\/a><\/strong><\/p>\n<p style=\"margin: 0cm;\">Interview \u00fcber die Diagnose Lungenkrebs und eine Lebenserwartung von 3 Monaten auf QS24 Gesundheitsfernsehen\u00a0<span style=\"color: #3333ff;\"> <b><a href=\"https:\/\/youtu.be\/Pf4qLHNPrRA\">https:\/\/youtu.be\/Pf4qLHNPrRA<\/a><\/b><\/span><\/p>\n<p>[\/vc_column_text][\/vc_tta_section][vc_tta_section title=&#8221;Komplement\u00e4rmedizinische Arzneimitteltherapie&#8221; tab_id=&#8221;1672586514800-f902f135-9c30&#8243;][vc_column_text]Je nachdem, ob das Arzneimittel nur an einer begrenzten Stelle (zum Beispiel eine Heilsalbe) oder im gesamten K\u00f6rper (auf allen Ebenen) wirken soll, unterscheidet man zwischen einer lokalen und einer systemischen Arzneimitteltherapie.<\/p>\n<p>Es wird eruiert, welches zum jetzigen Zeitpunkt das richtige Arzneimittel (Phytotherapeutika, Hom\u00f6opathika, Bachbl\u00fcten, Spagyrik, Sch\u00fcssler Salze, etc.) ist. Dies auch in Bezug auf F\u00fcllstoffe, Konservierungsstoffe, galenische Form (Tropfen, Tabletten, Kapseln, etc.), Vertr\u00e4glichkeit, Allergien und Wechselwirkungen zu schulmedizinischen Medikamenten. Die Arzneimittel werden separat verordnet oder rezeptiert.[\/vc_column_text][\/vc_tta_section][vc_tta_section title=&#8221;Beratung bei Impfnebenwirkungen&#8221; tab_id=&#8221;1675111886137-ffc0d048-3dec&#8221;][vc_column_text]M\u00f6gliche Symptome sind:<br \/>\n\u2022 anhaltende Schmerzen (oft im Bereich des Brustkorbes)<br \/>\n\u2022 ausgepr\u00e4gte M\u00fcdigkeit und Ersch\u00f6pfung<br \/>\n\u2022 chronischer Hustenreiz, verbunden mit evtl. Gef\u00fchl von Atemnot<br \/>\n\u2022 Darmprobleme (Ver\u00e4nderung des Mikrobioms, Leaky Gut, etc.)<br \/>\n\u2022 Entz\u00fcndungen<br \/>\n\u2022 erh\u00f6hter Puls, Herzerkrankungen, Herzrasen<br \/>\n\u2022 Ged\u00e4chtnis- und Konzentrationsst\u00f6rungen<br \/>\n\u2022 Hautausschl\u00e4ge<br \/>\n\u2022 Juckreiz<br \/>\n\u2022 Schmerzen, Gelenkschmerzen, Kopfschmerzen<br \/>\n\u2022 Schw\u00e4che<br \/>\n\u2022 Thrombosen<br \/>\n\u2022 Tremor<br \/>\n\u2022 Unruhe, Nervosit\u00e4t<br \/>\n\u2022 Verlust von Geschmack- und Geruchssinn<br \/>\n\u2022 u.v.m.[\/vc_column_text][\/vc_tta_section][vc_tta_section title=&#8221;Ern\u00e4hrung &#8211; Di\u00e4tetik&#8221; tab_id=&#8221;1567889556731-e22cdcea-279a&#8221;][vc_column_text]<span style=\"vertical-align: inherit;\"><span style=\"vertical-align: inherit;\"><span style=\"vertical-align: inherit;\"><span style=\"vertical-align: inherit;\"><span style=\"vertical-align: inherit;\"><span style=\"vertical-align: inherit;\">Seit 1982 befasse ich mich intensiv mit Ern\u00e4hrung. Aus langj\u00e4hriger Erfahrung gibt es f\u00fcr mich nur eine individuelle Ern\u00e4hrungsberatung auf jeden einzelnen Patienten zugeschnitten, je nach Diagnose sowie Beschwerdebild (Diabetes, Gicht, Unvertr\u00e4glichkeiten, Allergien, Unter- oder \u00dcbergewicht, Lip\u00f6dem, Arthrose, Gelenkschmerzen, Krebs, Chronische Schmerzen, Nicht-alkoholische Fettleber (NAFL), Nicht-alkoholische Fettleberentz\u00fcndung (NASH), etc.)\u00a0<\/span><\/span><\/span><\/span><\/span><\/span><\/p>\n<p><strong>M\u00f6gliche Ern\u00e4hrungsformen:<\/strong><br \/>\n\u2022 Dr. Coy-Anti-Krebs-Ern\u00e4hrung (basiert grundlegend auf 5 Bausteinen)<br \/>\n\u2022 Ketogene Ern\u00e4hrung<br \/>\n\u2022 Low-Carb \/ LCHF<br \/>\n\u2022 Paleo Ern\u00e4hrung[\/vc_column_text][\/vc_tta_section][vc_tta_section title=&#8221;Schmerztherapie&#8221; tab_id=&#8221;1567936763771-96fe6a73-84e4&#8243;][vc_column_text]Individuelle Schmerztherapie je nach Beschwerden &#8211; akut oder chronisch &#8211; gem\u00e4ss Anamnese und Befunderhebung:<\/p>\n<ol>\n<li><strong>Vitalwellen-Therapie mit V-Sonic<\/strong><\/li>\n<li><strong>Schr\u00f6pfen\u00a0<\/strong><\/li>\n<li><strong>Baunscheidtieren<\/strong><\/li>\n<li><strong><a href=\"https:\/\/www.naturheilpraxis1a.ch\/index.php\/therapien\/blutegeltherapie\">Blutegeltherapie<\/a><\/strong><\/li>\n<\/ol>\n<p><strong>Die Wirkung der Vitalwellen-Therapie:<\/strong><\/p>\n<ul>\n<li>Mikromassage im Bindegewebsraum und im Funktionsgewebe, dadurch St\u00e4rkung des Bindegewebes<\/li>\n<li>Erh\u00f6hung der Durchl\u00e4ssigkeit zur Einschleusung therapeutischer Wirkstoffe<\/li>\n<li>Schmerzlindernd (periphere und zentrale Wirkungen)<\/li>\n<li>Entspannung der Muskulatur<\/li>\n<li>Durchblutungsf\u00f6rdernd<\/li>\n<li>lokale Ents\u00e4uerung und Ausleitung (Giftstoffe mobilisieren und abtransportieren), ents\u00e4uert das Gewebe<\/li>\n<li>stoffwechselanregend, lymphabflussf\u00f6rdernd<\/li>\n<li>Aufl\u00f6sung auch chronischer Blockaden<\/li>\n<li>Verbesserung der Sauerstoff- und N\u00e4hrstoffversorgung<\/li>\n<li>Anregung der Gewebeneubildung zum langfristigen Strukturaufbau (Regeneration)<\/li>\n<\/ul>\n<p>Diese Therapie beruht auf der synergistischen Wirkung spezifischer Ultraschallfrequenzen kombiniert mit sorgf\u00e4ltig aufeinander abgestimmten Wirkstoffkombinationen aus der Pflanzenheilkunde und orthomolekularen Medizin.<\/p>\n<p><strong>Die Wirkungen der Schr\u00f6pf-Therapie:<\/strong><\/p>\n<ul>\n<li>aktiviert das Immunsystem<\/li>\n<li>transportiert die angelagerten Schlackenstoffe ab<\/li>\n<li>f\u00fchrt N\u00e4hrstoffe ins Gewebe zur\u00fcck<\/li>\n<li>entz\u00fcndungshemmend<\/li>\n<li>durchblutungsf\u00f6rdernd<\/li>\n<li>verbessert die Sauerstoffversorgung im Gewebe<\/li>\n<\/ul>\n<p><strong><img loading=\"lazy\" decoding=\"async\" width=\"225\" height=\"300\" class=\"alignnone size-medium wp-image-71528\" src=\"https:\/\/www.naturheilpraxis1a.ch\/wp-content\/uploads\/2020\/04\/Neues-Bild-Schr\u00f6pfen_Naturheilpraxis1ach-225x300.jpg\" alt=\"\" srcset=\"https:\/\/www.naturheilpraxis1a.ch\/wp-content\/uploads\/2020\/04\/Neues-Bild-Schr\u00f6pfen_Naturheilpraxis1ach-225x300.jpg 225w, https:\/\/www.naturheilpraxis1a.ch\/wp-content\/uploads\/2020\/04\/Neues-Bild-Schr\u00f6pfen_Naturheilpraxis1ach-768x1024.jpg 768w, https:\/\/www.naturheilpraxis1a.ch\/wp-content\/uploads\/2020\/04\/Neues-Bild-Schr\u00f6pfen_Naturheilpraxis1ach-1152x1536.jpg 1152w, https:\/\/www.naturheilpraxis1a.ch\/wp-content\/uploads\/2020\/04\/Neues-Bild-Schr\u00f6pfen_Naturheilpraxis1ach.jpg 1536w\" sizes=\"auto, (max-width: 225px) 100vw, 225px\" \/><\/strong><\/p>\n<p><strong>Die Wirkungen der Baunscheidtier-Therapie<\/strong><\/p>\n<ul>\n<li>wirkt durchblutungsf\u00f6rdernd und verbessert so die Sauerstoffversorgung<\/li>\n<li>transportiert die angelagerten Schlackenstoffe ab<\/li>\n<li>wirkt reflektorisch schmerzlindernd<\/li>\n<li>lymphanregend und die Lymphbahnen werden in einem weiten Umkreis ges\u00e4ubert und aktiviert<\/li>\n<li>entz\u00fcndungslindernd<\/li>\n<li>aktiviert das Immunsystem<\/li>\n<li><img loading=\"lazy\" decoding=\"async\" width=\"300\" height=\"225\" class=\"alignnone size-medium wp-image-71532\" src=\"https:\/\/www.naturheilpraxis1a.ch\/wp-content\/uploads\/2020\/04\/Baunscheidtieren_Naturheilpraxis1a.ch_-300x225.jpg\" alt=\"\" srcset=\"https:\/\/www.naturheilpraxis1a.ch\/wp-content\/uploads\/2020\/04\/Baunscheidtieren_Naturheilpraxis1a.ch_-300x225.jpg 300w, https:\/\/www.naturheilpraxis1a.ch\/wp-content\/uploads\/2020\/04\/Baunscheidtieren_Naturheilpraxis1a.ch_-1024x768.jpg 1024w, https:\/\/www.naturheilpraxis1a.ch\/wp-content\/uploads\/2020\/04\/Baunscheidtieren_Naturheilpraxis1a.ch_-768x576.jpg 768w, https:\/\/www.naturheilpraxis1a.ch\/wp-content\/uploads\/2020\/04\/Baunscheidtieren_Naturheilpraxis1a.ch_-1536x1152.jpg 1536w, https:\/\/www.naturheilpraxis1a.ch\/wp-content\/uploads\/2020\/04\/Baunscheidtieren_Naturheilpraxis1a.ch_.jpg 2048w\" sizes=\"auto, (max-width: 300px) 100vw, 300px\" \/><\/li>\n<\/ul>\n<p>[\/vc_column_text][\/vc_tta_section][vc_tta_section title=&#8221;Beratung zu medizinischem Cannabis&#8221; tab_id=&#8221;1573985646647-57be1404-a61f&#8221;][vc_column_text]Beratung und Unterst\u00fctzung bei der Therapie mit medizinischem Cannabis (THC\/CBD), dies in Bezug auf Indikationen, Dosierung, Anwendung, Produkte sowie Nebenwirkungen.[\/vc_column_text][\/vc_tta_section][vc_tta_section title=&#8221;Weitere Angebote&#8221; tab_id=&#8221;1506938308893-e3d1e4a4-4ffe&#8221;][vc_column_text]<span style=\"vertical-align: inherit;\"><span style=\"vertical-align: inherit;\"><span style=\"vertical-align: inherit;\"><span style=\"vertical-align: inherit;\"><span style=\"vertical-align: inherit;\"><span style=\"vertical-align: inherit;\">Phytotherapie (Kr\u00e4uterheilkunde)<\/span><\/span><\/span><\/span><\/span><\/span><\/p>\n<p><span style=\"vertical-align: inherit;\"><span style=\"vertical-align: inherit;\"><span style=\"vertical-align: inherit;\"><span style=\"vertical-align: inherit;\"><span style=\"vertical-align: inherit;\"><span style=\"vertical-align: inherit;\">Beratung von chirurgischen Patienten vor, w\u00e4hrend und nach Operationen oder Unf\u00e4llen<\/span><\/span><\/span><\/span><\/span><\/span><\/p>\n<p>Darmsanierung, Entgiften, Entschlacken<\/p>\n<p>Die klassischen 5 S\u00e4ulen der westlichen Naturheilkunde: Ordnungstherapie (Beratung zur Lebensf\u00fchrung &amp; Lebensordnung); Fasten &amp; Ern\u00e4hrung, Bewegung (Gesundheitsf\u00f6rderung), Kr\u00e4uterheilkunde, Hydrotherapie<\/p>\n<p>Gesundheits-Check-up &#8211; Pr\u00e4vention &#8211; Gesundheitsvorsorge<\/p>\n<p>Zusammenfassend in meinem Flyer 2023: <a href=\"https:\/\/www.naturheilpraxis1a.ch\/wp-content\/uploads\/2023\/02\/Naturheilpraxis1a_1.Seite_.pdf\">Naturheilpraxis1a_1.Seite<\/a> und <a href=\"https:\/\/www.naturheilpraxis1a.ch\/wp-content\/uploads\/2023\/02\/Naturheilpraxis1a_2.Seite_.pdf\">Naturheilpraxis1a_2.Seite<\/a>[\/vc_column_text][\/vc_tta_section][vc_tta_section title=&#8221;Sterbebegleitung&#8221; tab_id=&#8221;1753808937510-b7107663-e08b&#8221;][\/vc_tta_section][\/vc_tta_accordion][\/vc_column][vc_column width=&#8221;1\/2&#8243;][\/vc_column][\/vc_row]<\/p>\n<\/div>","protected":false},"excerpt":{"rendered":"<p>[vc_row type=&#8221;container&#8221; padding_top=&#8221;&#8221; padding_bottom=&#8221;&#8221; css=&#8221;.vc_custom_1449576470084{margin-bottom: 0px !important;}&#8221;][vc_column width=&#8221;1\/2&#8243; css=&#8221;.vc_custom_1475212071894{margin-top: 50px !important;}&#8221;][vc_tta_accordion style=&#8221;modern&#8221; color=&#8221;orange&#8221; active_section=&#8221;1&#8243;][vc_tta_section title=&#8221;Mikron\u00e4hrstoffmedizin (Orthomolekulare Medizin)&#8221; tab_id=&#8221;1475211814388-13643c95-4f81&#8243;][vc_column_text]Die Mikron\u00e4hrstoffmedizin bildet die wissenschaftliche Grundlage f\u00fcr den kausalen (=urs\u00e4chlich) und labordiagnostisch validierten (=wirksamen) Einsatz von Vitaminen, Mineralstoffen und anderen bioaktiven N\u00e4hrstoffen &#8211; in physiologischer und\/oder pharmakologischer Dosierung &#8211; zur Pr\u00e4vention und Therapie ern\u00e4hrungsabh\u00e4ngiger und chronisch-degenerativer Erkrankungen (Definition: [&hellip;]<\/p>\n","protected":false},"author":1,"featured_media":70778,"parent":73,"menu_order":1,"comment_status":"closed","ping_status":"closed","template":"page-full-width.php","meta":{"_acf_changed":false,"footnotes":""},"class_list":["post-147","page","type-page","status-publish","has-post-thumbnail","hentry"],"acf":[],"_links":{"self":[{"href":"https:\/\/www.naturheilpraxis1a.ch\/index.php\/wp-json\/wp\/v2\/pages\/147","targetHints":{"allow":["GET"]}}],"collection":[{"href":"https:\/\/www.naturheilpraxis1a.ch\/index.php\/wp-json\/wp\/v2\/pages"}],"about":[{"href":"https:\/\/www.naturheilpraxis1a.ch\/index.php\/wp-json\/wp\/v2\/types\/page"}],"author":[{"embeddable":true,"href":"https:\/\/www.naturheilpraxis1a.ch\/index.php\/wp-json\/wp\/v2\/users\/1"}],"replies":[{"embeddable":true,"href":"https:\/\/www.naturheilpraxis1a.ch\/index.php\/wp-json\/wp\/v2\/comments?post=147"}],"version-history":[{"count":124,"href":"https:\/\/www.naturheilpraxis1a.ch\/index.php\/wp-json\/wp\/v2\/pages\/147\/revisions"}],"predecessor-version":[{"id":71892,"href":"https:\/\/www.naturheilpraxis1a.ch\/index.php\/wp-json\/wp\/v2\/pages\/147\/revisions\/71892"}],"up":[{"embeddable":true,"href":"https:\/\/www.naturheilpraxis1a.ch\/index.php\/wp-json\/wp\/v2\/pages\/73"}],"wp:featuredmedia":[{"embeddable":true,"href":"https:\/\/www.naturheilpraxis1a.ch\/index.php\/wp-json\/"}],"wp:attachment":[{"href":"https:\/\/www.naturheilpraxis1a.ch\/index.php\/wp-json\/wp\/v2\/media?parent=147"}],"curies":[{"name":"wp","href":"https:\/\/api.w.org\/{rel}","templated":true}]}}