{"id":71,"date":"2015-10-07T17:14:28","date_gmt":"2015-10-07T17:14:28","guid":{"rendered":"http:\/\/broker.commercegurus.com\/?page_id=71"},"modified":"2026-03-23T17:42:32","modified_gmt":"2026-03-23T16:42:32","slug":"impressum","status":"publish","type":"page","link":"https:\/\/www.naturheilpraxis1a.ch\/index.php\/impressum\/","title":{"rendered":"Impressum"},"content":{"rendered":"<div class=\"wpb-content-wrapper\"><p>[vc_row type=&#8221;full_page_width&#8221; padding_top=&#8221;&#8221; padding_bottom=&#8221;&#8221; css=&#8221;.vc_custom_1451763825349{margin-bottom: 35px !important;}&#8221;][vc_column css=&#8221;.vc_custom_1451763808886{padding-right: 0px !important;padding-left: 0px !important;}&#8221;][vc_separator color=&#8221;#eeeeee&#8221; type=&#8221;normal&#8221; thickness=&#8221;1&#8243; up=&#8221;&#8221; down=&#8221;&#8221;][\/vc_column][\/vc_row][vc_row type=&#8221;container&#8221;][vc_column][vc_column_text css=&#8221;&#8221;]<strong>Links:<\/strong><\/p>\n<ul>\n<li><span style=\"color: #0000ff;\"><strong><a style=\"color: #0000ff;\" href=\"http:\/\/www.krebsfrei.info\/\">www.krebsfrei.info<\/a> <\/strong><\/span>&#8211; die pers\u00f6nliche Krankheitsgeschichte von Peter Zuber<\/li>\n<li><span style=\"color: #0000ff;\"><strong><a style=\"color: #0000ff;\" href=\"https:\/\/kopfrausch.ch\/\">www.kopfrausch.ch<\/a> <\/strong><\/span>&#8211; DER kompetente Shop bei Haarverlust (unter Chemotherapie oder bei Alopecia areata)<\/li>\n<li><a href=\"https:\/\/www.ceresheilmittel.ch\/startseite\/\"><strong><span style=\"color: #0000ff;\">https:\/\/www.ceresheilmittel.ch\/startseite<\/span><\/strong><\/a> Ceres Heilmittel &#8211; Von der Heilpflanze zur ganzheitlichen Arzneimittel<\/li>\n<li><strong><a href=\"https:\/\/www.spagyros.ch\/de\/\"><span style=\"color: #0000ff;\">https:\/\/www.spagyros.ch\/de<\/span><\/a><\/strong> Spagyrik, Hom\u00f6opathie, Phytotherapie, Allergosan<\/li>\n<li><a href=\"https:\/\/www.kingnature.ch\/\"><strong><span style=\"color: #0000ff;\">https:\/\/www.kingnature.ch<\/span><\/strong><\/a> Wissenschaftlich gepr\u00fcfte, pflanzliche Vitalstoffe<\/li>\n<li><a href=\"https:\/\/healthiness.ch\/Fontisana\/web\/Natugena\/startseite.aspx\"><strong><span style=\"color: #0000ff;\">https:\/\/healthiness.ch\/Fontisana\/web\/Natugena\/home.aspx<\/span><\/strong><\/a> Firma in Malans: Vitamine, Spurenelemente, Nahrungserg\u00e4nzungsmittel, uvm. Bei Bestellung mit einem kleinen Rabatt unter V0231<\/li>\n<li><span style=\"color: #0000ff;\"><strong><a style=\"color: #0000ff;\" href=\"https:\/\/www.budwig-stiftung.de\/service\/dr-budwig-berater\/\">https:\/\/www.budwig-stiftung.de\/service\/dr-budwig-berater<\/a><\/strong><\/span> &#8211; Ern\u00e4hrungskonzept nach Dr. Johanna Budwig<\/li>\n<li><a href=\"http:\/\/www.emr.ch\/\"><strong><span style=\"color: #0000ff;\">www.emr.ch<\/span><\/strong><\/a>\u00a0&#8211; Erfahrungsmedizinisches Register<\/li>\n<li><span style=\"color: #0000ff;\"><strong><a style=\"color: #0000ff;\" href=\"http:\/\/www.asca.ch\/\">www.asca.ch<\/a>\u00a0<\/strong><\/span>&#8211; Schweizerische Stiftung f\u00fcr Komplement\u00e4rmedizin<\/li>\n<li><span style=\"color: #0000ff;\"><a style=\"color: #0000ff;\" href=\"http:\/\/www.fondation-sne.ch\/\"><strong>www.fondation-sne.ch<\/strong><\/a><\/span>\u00a0&#8211; Stiftung f\u00fcr Naturheilkunde\u00a0&amp; Erfahrungsmedizin &#8211; eine Initiative der EGK-Gesundheitskasse und Therapeutenstelle<\/li>\n<li><span style=\"color: #0000ff;\"><strong><a style=\"color: #0000ff;\" href=\"https:\/\/altea-network.com\/de\/\">https:\/\/altea-network.com\/de <\/a><\/strong><\/span>\u00a0Long Covid Network<\/li>\n<li><strong><span style=\"color: #0000ff;\"><a style=\"color: #0000ff;\" href=\"http:\/\/www.Hoch2.TV\/\">www.Hoch2.TV<\/a><span style=\"color: #000000;\">&#8211;<\/span><\/span><\/strong><span style=\"color: #0000ff;\"><span style=\"color: #000000;\"> Schweizer TV-Internetsender &#8211; <\/span><\/span><span style=\"color: #000000;\">der\u00a0Wahrheit verpflichtet<\/span><\/li>\n<li><span style=\"color: #3366ff;\"><strong><span style=\"color: #0000ff;\"><a style=\"color: #0000ff;\" href=\"https:\/\/www.gally-websolutions.com\/\">https:\/\/www.gally-websolutions.com<\/a><\/span> <\/strong><\/span>&#8211; Website Design<\/li>\n<li><span style=\"color: #0000ff;\"><strong><a style=\"color: #0000ff;\" href=\"https:\/\/www.auto-huber.ch\/\">https:\/\/automobile-dicola.ch<\/a><\/strong><\/span>\u00a0die Garage in Hochdorf<\/li>\n<li><strong><a href=\"https:\/\/nomadit.ch\/\">nomadIT &#8211; Informatik unterwegs<\/a><\/strong><\/li>\n<\/ul>\n<p><strong>Quellenangaben:<\/strong><br \/>\n\u2022 Leben mit Krebs &#8211; Die Plattform f\u00fcr Krebsbetroffene und Angeh\u00f6rige<br \/>\n\u2022 ebi-pharm AG &#8211; Schul- &amp; Erfahrungsmedizin<br \/>\n\u2022 Orthoanalytic AG &#8211; Labor f\u00fcr Human- &amp; umweltmedizinische Analysen<br \/>\n\u2022 Hirumed GmbH &#8211; Frau Dr. med. Dominique K\u00e4hler Schweizer, Exklusiver Schweiz. Importeur von medizinischen Zuchtegeln<br \/>\n\u2022 Paramed AG &#8211; Bildungszentrum f\u00fcr Ganzheitsmedizin<\/p>\n<p><strong>Haftung:<\/strong> Mit Sorgfalt achten wir auf die Richtigkeit der ver\u00f6ffentlichten Informationen auf unserer Homepage. Hinsichtlich der inhaltlichen Richtigkeit, Genauigkeit, Aktualit\u00e4t, Zuverl\u00e4ssigkeit und Vollst\u00e4ndigkeit dieser Informationen k\u00f6nnen wir trotzdem keine Gew\u00e4hrleistung \u00fcbernehmen. Wir behalten uns jederzeit ausdr\u00fccklich vor, Inhalte ohne vorherige Ank\u00fcndigung ganz oder teilweise zu l\u00f6schen, abzu\u00e4ndern oder zeitweise nicht zu ver\u00f6ffentlichen. Haftungsanspr\u00fcche die an uns gerichtet werden, infolge Sch\u00e4den materieller oder immaterieller Art, welche aus dem Zugriff oder der Nutzung bezwungen Nichtnutzung der ver\u00f6ffentlichten Informationen, durch Missbrauch der Verbindung oder auch durch technische St\u00f6rungen entstanden sind, werden ausgeschlossen.<\/p>\n<p><strong>Verweise und Links<\/strong>: Alle Verweise sowie Verkn\u00fcpfungen auf Webseiten anderer Anbieter liegen ausserhalb unseres eigenen Verantwortungsbereichs. Zugriff und Nutzung solcher Webseiten erfolgen auf eigene Gefahr des Nutzers. Ausdr\u00fccklich erkl\u00e4ren wir, dass wir keinerlei Einfluss auf den Inhalt, die Gestaltung, sowie die Angebote der verkn\u00fcpften Seiten haben. Informationen sowie Dienstleistungen der verkn\u00fcpften Webseiten liegen vollumf\u00e4nglich in der Verantwortung der jeweiligen anderen Webseitenbesitzer. Wir lehnen jegliche Verantwortung f\u00fcr solche Webseiten ab.<\/p>\n<p><strong>Datenschutz:<\/strong> Ihre pers\u00f6nlichen Daten werden von uns streng vertraulich behandelt und weder an Dritte verkauft noch weitergegeben. In Zusammenarbeit mit unserem Hosting-Provider sind wir stets bem\u00fcht, die Datenbanken mit allen Mitteln vor fremdem Zugriff, Verlust, Missbrauch oder vor F\u00e4lschung zu sch\u00fctzen. Mit Ihrem Zugriff auf unsere Homepage werden keine pers\u00f6nlichen Daten von Ihnen abgespeichert. Die Webserver unseres Hosting-Providers registrieren lediglich unpers\u00f6nliche Nutzungsdaten, welche f\u00fcr uns nur dahingehend aufbereitet werden, dass Trends klar erkennbar sind, um unsere Angebote entsprechend verbessern zu k\u00f6nnen.<\/p>\n<p><strong>Urheberrecht:<\/strong> Das alleinige Urheberrecht f\u00fcr s\u00e4mtliche Inhalte dieser Website sowie f\u00fcr die Art der Darstellung liegt bei der Naturheilpraxis1a.ch<br \/>\nOhne ausdr\u00fcckliche Zustimmung der Naturheilpraxis1a.ch ist daher jede Weiterver\u00f6ffentlichung (in elektronischer, schriftlicher oder sonstiger Form) oder anderweitige Nutzung der Inhalte unserer Website sowie Logos \u2013 zu jedwelchem Zweck, insbesondere aber zu \u00f6ffentlichen oder kommerziellen\u00a0Zwecken \u2013<strong>\u00a0<\/strong>ist strikte untersagt!\u00a0<strong>Copyright\u00a0<\/strong>\u00a9<strong>\u00a0by:\u00a0<span style=\"color: #0000ff;\"><a style=\"color: #0000ff;\" href=\"https:\/\/www.naturheilpraxis1a.ch\/\">www.Naturheilpraxis1a.ch<\/a><\/span><\/strong><\/p>\n<p style=\"margin: 0cm; margin-bottom: .0001pt;\"><strong>F\u00fcr alle Links gilt folgendes:\u00a0<\/strong>Ich habe keinen Einfluss auf die Gestaltung und Inhalte der gelinkten Seiten, deshalb \u00fcbernehme ich hiermit ausdr\u00fccklich keine Verantwortung s\u00e4mtlicher Inhalte der verlinkten Seiten sowie der Unterseiten, inklusive allen anderen Weiterleitungsmechanismen oder sonstigen Verkn\u00fcpfungen. Dies soll keine Wertung des Inhaltes der gelinkten Seiten sein, sondern lediglich ein rein rechtlicher Hinweis.<\/p>\n<p>[\/vc_column_text][\/vc_column][\/vc_row]<\/p>\n<\/div>","protected":false},"excerpt":{"rendered":"<p>[vc_row type=&#8221;full_page_width&#8221; padding_top=&#8221;&#8221; padding_bottom=&#8221;&#8221; css=&#8221;.vc_custom_1451763825349{margin-bottom: 35px !important;}&#8221;][vc_column css=&#8221;.vc_custom_1451763808886{padding-right: 0px !important;padding-left: 0px !important;}&#8221;][vc_separator color=&#8221;#eeeeee&#8221; type=&#8221;normal&#8221; thickness=&#8221;1&#8243; up=&#8221;&#8221; down=&#8221;&#8221;][\/vc_column][\/vc_row][vc_row type=&#8221;container&#8221;][vc_column][vc_column_text css=&#8221;&#8221;]Links: www.krebsfrei.info &#8211; die pers\u00f6nliche Krankheitsgeschichte von Peter Zuber www.kopfrausch.ch &#8211; DER kompetente Shop bei Haarverlust (unter Chemotherapie oder bei Alopecia areata) https:\/\/www.ceresheilmittel.ch\/startseite Ceres Heilmittel &#8211; Von der Heilpflanze zur ganzheitlichen Arzneimittel https:\/\/www.spagyros.ch\/de Spagyrik, Hom\u00f6opathie, Phytotherapie, Allergosan [&hellip;]<\/p>\n","protected":false},"author":1,"featured_media":70802,"parent":0,"menu_order":0,"comment_status":"closed","ping_status":"closed","template":"page-full-width.php","meta":{"_acf_changed":false,"footnotes":""},"class_list":["post-71","page","type-page","status-publish","has-post-thumbnail","hentry"],"acf":[],"_links":{"self":[{"href":"https:\/\/www.naturheilpraxis1a.ch\/index.php\/wp-json\/wp\/v2\/pages\/71","targetHints":{"allow":["GET"]}}],"collection":[{"href":"https:\/\/www.naturheilpraxis1a.ch\/index.php\/wp-json\/wp\/v2\/pages"}],"about":[{"href":"https:\/\/www.naturheilpraxis1a.ch\/index.php\/wp-json\/wp\/v2\/types\/page"}],"author":[{"embeddable":true,"href":"https:\/\/www.naturheilpraxis1a.ch\/index.php\/wp-json\/wp\/v2\/users\/1"}],"replies":[{"embeddable":true,"href":"https:\/\/www.naturheilpraxis1a.ch\/index.php\/wp-json\/wp\/v2\/comments?post=71"}],"version-history":[{"count":75,"href":"https:\/\/www.naturheilpraxis1a.ch\/index.php\/wp-json\/wp\/v2\/pages\/71\/revisions"}],"predecessor-version":[{"id":72006,"href":"https:\/\/www.naturheilpraxis1a.ch\/index.php\/wp-json\/wp\/v2\/pages\/71\/revisions\/72006"}],"wp:featuredmedia":[{"embeddable":true,"href":"https:\/\/www.naturheilpraxis1a.ch\/index.php\/wp-json\/"}],"wp:attachment":[{"href":"https:\/\/www.naturheilpraxis1a.ch\/index.php\/wp-json\/wp\/v2\/media?parent=71"}],"curies":[{"name":"wp","href":"https:\/\/api.w.org\/{rel}","templated":true}]}}