{"id":71088,"date":"2016-07-21T00:46:28","date_gmt":"2016-07-20T22:46:28","guid":{"rendered":"http:\/\/wlu18www43.webland.ch\/?page_id=71088"},"modified":"2025-05-21T19:35:29","modified_gmt":"2025-05-21T17:35:29","slug":"krankenkassen","status":"publish","type":"page","link":"https:\/\/www.naturheilpraxis1a.ch\/index.php\/krankenkassen\/","title":{"rendered":"Krankenkassen"},"content":{"rendered":"<div class=\"wpb-content-wrapper\"><p>[vc_row type=&#8221;container&#8221;][vc_column][vc_column_text css=&#8221;.vc_custom_1747848924935{margin-top: 90px !important;}&#8221;]<strong>Anerkennungen<\/strong><\/p>\n<p><strong>Krankenkassen:<\/strong><br \/>\nIch bin bei allen Krankenkassen als Dipl. Naturheilpraktikerin mit Zertifikat OdA AM \u2013 Fachrichtung TEN (=Traditionelle Europ\u00e4ische Naturheilkunde) registriert und anerkannt. Es ist keine \u00e4rztliche Zuweisung notwendig.<\/p>\n<p>EMR &amp; ASCA ZSR-Nr: L770960<br \/>\n\u2022 EGK Therapeuten-Nr: 32612<br \/>\n\u2022 VISANA<br \/>\n\u2022 NHP GLN: 7601003968224<br \/>\n\u2022 Pflege: GLN 7601007487639<br \/>\n\u2022 UID: CHE-490.372.989<\/p>\n<p><strong>Bewilligungen des Gesundheits- und Sozialdepartementes Kanton Luzern:<\/strong><br \/>\n\u2022 Zur Berufsaus\u00fcbung als Dipl. Naturheilpraktikerin mit Fachrichtung Traditionelle Europ\u00e4ische Naturheilkunde (TEN)<br \/>\n\u2022 Zum Betrieb und zur F\u00fchrung einer Privatapotheke. Ich bin berechtigt Arznei- &amp; Heilmittel abzugeben und zu rezeptieren.<br \/>\n\u2022 Zur Berufsaus\u00fcbung als selbst\u00e4ndige Dipl. Pflegefachfrau<br \/>\n\u2022 Zur Abgabe von Nahrungsmitteln, Getr\u00e4nke: Lebensmittelkontrolle und Verbraucherschutz<\/p>\n<p><strong>Mitgliedschaften:<\/strong><br \/>\n\u2022 VFHN &#8211; Verband freier Heilpraktiker &amp; Natur\u00e4rzte (Reg-Nr. 511)<br \/>\n\u2022 Mitgliedschaft Gesellschaft biologische Krebsabwehr e.V.<br \/>\n\u2022 Internationale Gesellschaft f\u00fcr Blutegeltherapie e.V.<\/p>\n<p><strong>Leistungen der Krankenversicherungen:<\/strong><br \/>\n\u2022 Viele Krankenversicherungen verg\u00fcten einen prozentualen Beitrag (gem\u00e4ss Ihrem abgeschlossenen Vertrag) an die Behandlungskosten und Arznei-&amp; Heilmittel eines Naturarztes \/ Naturheilpraktikers im Rahmen der Zusatzversicherung \u201eAlternativ- oder Komplement\u00e4rmedizin\u201c. Jede Krankenversicherung ist in der Gestaltung ihrer Versicherungsbedingungen und den daraus resultierenden prozentualen R\u00fcckverg\u00fctungen der Therapiekosten und Arznei- &amp; Heilmittel vollst\u00e4ndig frei.<\/p>\n<p><strong>Zusatzversicherung \/ Tarif 590 \/ ambulante komplement\u00e4rmedizinische Leistungen:<\/strong><br \/>\n\u2022 Grunds\u00e4tzlich berechnet sich der 5-Minuten Tarif aus der Ausbildung des Therapeuten\/der Therapeutin und der registrierten komplement\u00e4rmedizinischen Methode der Tarifstruktur 590. Seit Januar 2018 ist die Verrechnung gem\u00e4ss Tarif 590 obligatorisch und jede Leistung muss gem\u00e4ss den gesetzlich geltenden Richtlinien (VVG) mit dem 5-Minuten-Tarif abgerechnet werden.<\/p>\n<p><strong>Stundenansatz mit einem reglementierten Berufsabschluss<\/strong>:<br \/>\n\u2022 Therapeuten: 14.00 bis 14.50 pro 5 Minuten (inkl. Mehrwertsteuer)<br \/>\n\u2022 Osteopathen mit Bachelor: 16.00 pro 5 Minuten (inkl. Mehrwertsteuer)<br \/>\n\u2022 Osteopathen mit Master: 18.00 pro 5 Minuten (inkl. Mehrwertsteuer)<br \/>\n\u2022 Dipl. Naturheilpraktiker WAM\/TEN = Naturarzt: ausstehende KK-Tarifverordnungen Therapeuten: 14.00)<\/p>\n<p><strong>Reglementierte Berufsabschl\u00fcsse:<\/strong><br \/>\n\u2022 Eidg. Diplom<br \/>\n\u2022 Branchenzertifikat der OdA KT<br \/>\n\u2022 Branchenzertifikat und EMR-Registrierung zu den Berufspraxisjahren der OdA Artecura<br \/>\n<strong>\u2022 <\/strong>Alternativmedizin Schweiz OdA: <strong><a href=\"https:\/\/www.naturheilpraxis1a.ch\/wp-content\/uploads\/2024\/12\/EMR_ODA_12.10.24-bis-12.10.25-1.pdf\">Zertifikat der OdA AM<\/a><\/strong><br \/>\n\u2022 Eidg. Fachausweis<\/p>\n<p><strong>Obligatorische Unfallversicherung (UVG):<\/strong><br \/>\n\u2022 UVG-Versicherer \u00fcbernehmen evtl. im Einzelfall komplement\u00e4rmedizinische Behandlungen, dies sollte vor Behandlungsbeginn beim UVG-Versicherer abgekl\u00e4rt werden.<\/p>\n<p><strong>SUVA:<\/strong><br \/>\n\u2022 Die Kosten\u00fcbernahme von Behandlungen aus dem Bereich Erfahrungsmedizin ist eine freiwillige Leistung der Suva. In Einzelf\u00e4llen erstattet die Suva der versicherten Person einen Teil der Kosten in Form einer freiwilligen Leistung zur\u00fcck.<\/p>\n<p><strong>Bei Anfragen an Ihre Krankenkassen IMMER <\/strong><strong>meine <\/strong><span style=\"color: #ff0000;\"><em><strong><u>ZSR-Nr: L770960 <\/u><\/strong><\/em><\/span><strong>angeben.<\/strong><\/p>\n<p><img loading=\"lazy\" decoding=\"async\" class=\"wp-image-71743 alignleft\" src=\"https:\/\/www.naturheilpraxis1a.ch\/wp-content\/uploads\/2024\/01\/emr.png\" alt=\"\" width=\"215\" height=\"85\" \/>\u00a0 <img loading=\"lazy\" decoding=\"async\" class=\"alignnone wp-image-71750\" src=\"https:\/\/www.naturheilpraxis1a.ch\/wp-content\/uploads\/2024\/01\/210719_logoASCA_RVB-300x166.png\" alt=\"\" width=\"163\" height=\"90\" srcset=\"https:\/\/www.naturheilpraxis1a.ch\/wp-content\/uploads\/2024\/01\/210719_logoASCA_RVB-300x166.png 300w, https:\/\/www.naturheilpraxis1a.ch\/wp-content\/uploads\/2024\/01\/210719_logoASCA_RVB.png 442w\" sizes=\"auto, (max-width: 163px) 100vw, 163px\" \/> \u00a0\u00a0<img loading=\"lazy\" decoding=\"async\" class=\"alignnone wp-image-71744\" src=\"https:\/\/www.naturheilpraxis1a.ch\/wp-content\/uploads\/2024\/01\/Visana.png\" alt=\"\" width=\"156\" height=\"69\" \/>\u00a0 \u00a0 \u00a0 <img loading=\"lazy\" decoding=\"async\" width=\"114\" height=\"80\" class=\"alignnone size-full wp-image-71742\" src=\"https:\/\/www.naturheilpraxis1a.ch\/wp-content\/uploads\/2024\/01\/egk.png\" alt=\"\" \/>[\/vc_column_text][\/vc_column][\/vc_row]<\/p>\n<\/div>","protected":false},"excerpt":{"rendered":"<p>[vc_row type=&#8221;container&#8221;][vc_column][vc_column_text css=&#8221;.vc_custom_1747848924935{margin-top: 90px !important;}&#8221;]Anerkennungen Krankenkassen: Ich bin bei allen Krankenkassen als Dipl. Naturheilpraktikerin mit Zertifikat OdA AM \u2013 Fachrichtung TEN (=Traditionelle Europ\u00e4ische Naturheilkunde) registriert und anerkannt. Es ist keine \u00e4rztliche Zuweisung notwendig. EMR &amp; ASCA ZSR-Nr: L770960 \u2022 EGK Therapeuten-Nr: 32612 \u2022 VISANA \u2022 NHP GLN: 7601003968224 \u2022 Pflege: GLN 7601007487639 \u2022 UID: CHE-490.372.989 [&hellip;]<\/p>\n","protected":false},"author":4,"featured_media":0,"parent":0,"menu_order":0,"comment_status":"closed","ping_status":"closed","template":"page-full-width.php","meta":{"_acf_changed":false,"footnotes":""},"class_list":["post-71088","page","type-page","status-publish","hentry"],"acf":[],"_links":{"self":[{"href":"https:\/\/www.naturheilpraxis1a.ch\/index.php\/wp-json\/wp\/v2\/pages\/71088","targetHints":{"allow":["GET"]}}],"collection":[{"href":"https:\/\/www.naturheilpraxis1a.ch\/index.php\/wp-json\/wp\/v2\/pages"}],"about":[{"href":"https:\/\/www.naturheilpraxis1a.ch\/index.php\/wp-json\/wp\/v2\/types\/page"}],"author":[{"embeddable":true,"href":"https:\/\/www.naturheilpraxis1a.ch\/index.php\/wp-json\/wp\/v2\/users\/4"}],"replies":[{"embeddable":true,"href":"https:\/\/www.naturheilpraxis1a.ch\/index.php\/wp-json\/wp\/v2\/comments?post=71088"}],"version-history":[{"count":69,"href":"https:\/\/www.naturheilpraxis1a.ch\/index.php\/wp-json\/wp\/v2\/pages\/71088\/revisions"}],"predecessor-version":[{"id":71872,"href":"https:\/\/www.naturheilpraxis1a.ch\/index.php\/wp-json\/wp\/v2\/pages\/71088\/revisions\/71872"}],"wp:attachment":[{"href":"https:\/\/www.naturheilpraxis1a.ch\/index.php\/wp-json\/wp\/v2\/media?parent=71088"}],"curies":[{"name":"wp","href":"https:\/\/api.w.org\/{rel}","templated":true}]}}