{"id":71726,"date":"2023-08-22T09:17:16","date_gmt":"2023-08-22T07:17:16","guid":{"rendered":"https:\/\/naturheilpraxis1a.ch\/?page_id=71726"},"modified":"2026-02-15T18:04:57","modified_gmt":"2026-02-15T17:04:57","slug":"datenschutz","status":"publish","type":"page","link":"https:\/\/www.naturheilpraxis1a.ch\/index.php\/datenschutz\/","title":{"rendered":"Datenschutz"},"content":{"rendered":"<div class=\"wpb-content-wrapper\"><p>[vc_row type=&#8221;container&#8221;][vc_column][vc_column_text css=&#8221;&#8221;]<strong>Neues Datenschutzgesetz: <\/strong><\/p>\n<p>Anpassungen in Arzt- und Therapiepraxen per 1. September 2023<\/p>\n<p>Am 1. September 2023 ist es so weit: Das seit l\u00e4ngerem angek\u00fcndigte revidierte Datenschutzgesetz (DSG) wird in Kraft treten. Es enth\u00e4lt folgende Neuerungen in der Handhabe von besonders sch\u00fctzenswerten Personendaten &#8211; wie den Gesundheitsdaten von Patientinnen und Patienten:<\/p>\n<h3>Patienteninformation zum Umgang mit Personendaten<\/h3>\n<p><strong>Einwilligungspflichtige Datenverarbeitung<\/strong><br \/>\nIhr Einverst\u00e4ndnis gilt gegen\u00fcber der Praxis und deren \u00c4rztinnen, \u00c4rzte, Therapeutinnen und Therapeuten sowie dem medizinischen Personal (als Verantwortliche), als auch gegen\u00fcber den vorgenannten Empf\u00e4ngern. Sie gilt zudem als ausdr\u00fcckliche Entbindung vom Berufsgeheimnis nach Art. 321 StGB, soweit es f\u00fcr den Zweck der T\u00e4tigkeit notwendig ist. Ihre Einwilligung erfolgt f\u00fcr den gesamten Umgang mit den Personendaten, unabh\u00e4ngig von den angewandten Mitteln und Verfahren, insbesondere das Beschaffen, Speichern, Aufbewahren, Verwenden, Ver\u00e4ndern, Bekanntgeben, Archivieren, L\u00f6schen oder Vernichten von Daten.<\/p>\n<p><strong>Verantwortlichkeiten<\/strong><br \/>\nDie verantwortliche Stelle f\u00fcr die Bearbeitung Ihrer Personendaten und insbesondere Ihrer Gesundheitsdaten ist die Praxis. Bei Fragen zum Datenschutz oder wenn Sie Ihre Rechte im Rahmen des Datenschutzes wahrnehmen wollen, wenden Sie sich bitte an das Praxispersonal oder direkt an Ihre \u00c4rztin\/ Ihren Arzt oder Ihre Therapeutin\/ Ihren Therapeuten.<\/p>\n<p><strong>Erhebung und Zweck der Datenbearbeitung<\/strong><br \/>\nDie Bearbeitung (Erhebung, Speicherung, Verwendung sowie Aufbewahrung) Ihrer Daten erfolgt aufgrund des Behandlungsvertrages und gesetzlicher Vorgaben zur Erf\u00fcllung des Behandlungszwecks sowie zu den damit verbundenen Pflichten. Die Erhebung von Daten erfolgt einerseits durch die behandelnde \u00c4rztin\/den behandelnden Arzt im Rahmen Ihrer Behandlung. Andererseits erhalten wir auch Daten von weiteren \u00c4rztinnen \/\u00c4rzten und Gesundheitsfachpersonen, bei denen Sie in Behandlung waren oder sind, falls Sie hierf\u00fcr Ihre Einwilligung gegeben haben. In Ihrer Krankengeschichte werden nur Daten bearbeitet, die im Zusammenhang mit Ihrer medizinischen Behandlung stehen. Die Krankengeschichte umfasst die auf dem Patienten- formular gemachten pers\u00f6nlichen Angaben wie Personalien, Kontaktdaten und Versicherungsangaben sowie unter anderem das im Rahmen der Behandlung durchgef\u00fchrte Aufkl\u00e4rungsgespr\u00e4ch, erhobene Gesundheitsdaten wie Anamnesen, Diagnosen, Therapievorschl\u00e4ge und Befunde.<\/p>\n<p><strong>Einwilligungspflichtige Daten\u00fcbermittlungen<\/strong><br \/>\nGrunds\u00e4tzlich erfolgt die Datenverarbeitung gest\u00fctzt auf den gesetzlichen Grund der Dokumentation der Krankengeschichte sowie der Aufbewahrungspflicht und der Rechnungsstellung inkl. dem Inkasso. Ihre Personendaten und insbesondere Ihre medizinischen Daten \u00fcbermitteln wir nur dann an externe Dritte, wenn dies gesetzlich erlaubt oder verlangt ist oder wenn Sie im Rahmen Ihrer Behandlung in die Weitergabe der Daten eingewilligt haben.<\/p>\n<p>\u2022 Die \u00dcbermittlung an Ihre Krankenversicherung bzw. an die Unfall- oder Invalidenversicherung erfolgt zum Zweck der Abrechnung der Ihnen gegen\u00fcber erbrachten Leistungen. Die Art der \u00fcbermittelten Daten orientiert sich dabei an den gesetzlichen Vorgaben.<\/p>\n<p>\u2022 Die Weitergabe an kantonale sowie nationale Beh\u00f6rden (z.B. kantons\u00e4rztlicher Dienst, Gesundheitsdepartemente etc.) erfolgt aufgrund gesetzlicher Meldepflichten.<\/p>\n<p>\u2022 Die Weitergabe der notwendigen Patienten- und Rechnungsdaten an das Inkassob\u00fcro erfolgt zwecks Inkassos (Einziehen von f\u00e4lligen Geldforderungen).<\/p>\n<p><strong>Dauer der Aufbewahrung<\/strong><br \/>\nIhre Krankengeschichte wird grunds\u00e4tzlich w\u00e4hrend 20 Jahren nach Ihrer letzten Behandlung aufbewahrt. Danach wird sie vorbeh\u00e4ltlich anderer Abreden vernichtet. Im Einzelfall, abh\u00e4ngig von Ihrer Behandlung und Ihrer entsprechenden Einwilligung, erfolgt die \u00dcbermittlung von Daten an weitere berechtigte Empf\u00e4nger (z.B. Labore, andere \u00c4rztinnen\/\u00c4rzte, Therapeutinnen\/ Therapeuten).<\/p>\n<p><strong>Widerruf Ihrer Einwilligung<\/strong><br \/>\nGesetzlich sind die \u00c4rzteschaft und Therapierenden verpflichtet, Ihre Daten und Ihre Krankengeschichte aufzubewahren. Ein allf\u00e4lliger Widerruf Ihrer Einwilligung zur Datenbearbeitung steht dieser gesetzlichen Pflicht entgegen. Das gilt auch f\u00fcr die Datenverarbeiter, wie sie vorstehend unter den Empf\u00e4ngern erw\u00e4hnt sind. Das bedeutet, dass die Bearbeitung der Personendaten im Rahmen der medizinischen Behandlung und Therapie auch<br \/>\ngesetzlich vorgesehen ist (MedBG, KVG und kantonale Gesundheitsgesetze), wobei die Verantwortlichen mit den Empf\u00e4ngern als angeschlossenen Hilfspersonen auch gesetzlich zur Geheimhaltung verpflichtet sind (Art. 62 DSG und Art. 321 StGB). F\u00fcr die Weitergabe von anonymisierten Daten gilt Art. 31 lit. e DSG uneingeschr\u00e4nkt. Sollten Sie eine bereits erteilte Einwilligung ganz oder teilweise dennoch widerrufen wollen, h\u00e4tte das schriftlich zu erfolgen. Falls die Datenbearbeitung auf keine andere Rechtsgrundlage als die Einwilligung gest\u00fctzt werden kann, w\u00fcrde die Bearbeitung eingestellt. Die Rechtm\u00e4ssigkeit der bis zum Widerruf erfolgten Datenbearbeitung bleibt vom Widerruf unber\u00fchrt.<\/p>\n<p><strong>Auskunft, Einsicht und Herausgabe<\/strong><br \/>\nSie haben das Recht, Auskunft zu Ihren Personendaten zu erhalten. Sie k\u00f6nnen Ihre Krankengeschichte einsehen oder auch eine Kopie verlangen. Die Herausgabe der Kopie kann kostenpflichtig sein. Allf\u00e4llige Kosten, welche vom Aufwand der Erstellung der Kopie abh\u00e4ngen, werden Ihnen vorg\u00e4ngig bekannt gegeben.<\/p>\n<p><strong>Recht auf Daten\u00fcbertragung<\/strong><br \/>\nSie haben das Recht, Daten, die wir automatisiert bzw. digital verarbeiten, an sich oder an einen Dritten in einem g\u00e4ngigen, maschinenlesbaren Format aush\u00e4ndigen zu lassen. Dies gilt insbesondere auch bei der Weitergabe von medizinischen Daten an eine von Ihnen gew\u00fcnschte Gesundheitsfachperson. Sofern Sie die direkte \u00dcbertragung der\u00a0 Daten an einen anderen Verantwortlichen verlangen, erfolgt dies nur, soweit es technisch machbar ist.<\/p>\n<p><strong>Berichtigung Ihrer Angaben<\/strong><br \/>\nWenn Sie feststellen oder der Ansicht sind, dass Ihre Daten nicht korrekt oder unvollst\u00e4ndig sind, haben Sie die M\u00f6glichkeit, eine Berichtigung zu verlangen. Kann weder die Korrektheit noch die Unvollst\u00e4ndigkeit Ihrer Daten festgestellt werden, haben Sie die M\u00f6glichkeit auf die Anbringung eines Bestreitungsvermerks.<\/p>\n<p>Quelle: \u00c4rztekasse<\/p>\n<p>&nbsp;<\/p>\n<p><strong>Copyright<\/strong><\/p>\n<p>Alle Inhalte dieses Internetangebotes, insbesondere Texte, Fotografien und Grafiken sind urheberrechtlich gesch\u00fctzt (Copyright). Das Urheberrecht liegt, soweit nicht ausdr\u00fccklich anders gekennzeichnet, bei der Naturheilpraxs1a.ch<\/p>\n<p>Wer gegen das Urheberrecht verst\u00f6sst (z.B. die Inhalte unerlaubt auf die eigene Homepage kopiert), macht sich gem. Urhebergesetz <a href=\"https:\/\/www.fedlex.admin.ch\/eli\/cc\/1993\/1798_1798_1798\/de\">https:\/\/www.fedlex.admin.ch\/eli\/cc\/1993\/1798_1798_1798\/de<\/a>\u00a0 strafbar. Er wird zudem kostenpflichtig abgemahnt und muss Schadensersatz leisten. Kopien von Inhalten k\u00f6nnen im Internet ohne grossen Aufwand verfolgt werden.[\/vc_column_text][\/vc_column][\/vc_row]<\/p>\n<\/div>","protected":false},"excerpt":{"rendered":"<p>[vc_row type=&#8221;container&#8221;][vc_column][vc_column_text css=&#8221;&#8221;]Neues Datenschutzgesetz: Anpassungen in Arzt- und Therapiepraxen per 1. September 2023 Am 1. September 2023 ist es so weit: Das seit l\u00e4ngerem angek\u00fcndigte revidierte Datenschutzgesetz (DSG) wird in Kraft treten. Es enth\u00e4lt folgende Neuerungen in der Handhabe von besonders sch\u00fctzenswerten Personendaten &#8211; wie den Gesundheitsdaten von Patientinnen und Patienten: Patienteninformation zum Umgang mit [&hellip;]<\/p>\n","protected":false},"author":1,"featured_media":0,"parent":0,"menu_order":0,"comment_status":"closed","ping_status":"closed","template":"page-full-width.php","meta":{"_acf_changed":false,"footnotes":""},"class_list":["post-71726","page","type-page","status-publish","hentry"],"acf":[],"_links":{"self":[{"href":"https:\/\/www.naturheilpraxis1a.ch\/index.php\/wp-json\/wp\/v2\/pages\/71726","targetHints":{"allow":["GET"]}}],"collection":[{"href":"https:\/\/www.naturheilpraxis1a.ch\/index.php\/wp-json\/wp\/v2\/pages"}],"about":[{"href":"https:\/\/www.naturheilpraxis1a.ch\/index.php\/wp-json\/wp\/v2\/types\/page"}],"author":[{"embeddable":true,"href":"https:\/\/www.naturheilpraxis1a.ch\/index.php\/wp-json\/wp\/v2\/users\/1"}],"replies":[{"embeddable":true,"href":"https:\/\/www.naturheilpraxis1a.ch\/index.php\/wp-json\/wp\/v2\/comments?post=71726"}],"version-history":[{"count":5,"href":"https:\/\/www.naturheilpraxis1a.ch\/index.php\/wp-json\/wp\/v2\/pages\/71726\/revisions"}],"predecessor-version":[{"id":71985,"href":"https:\/\/www.naturheilpraxis1a.ch\/index.php\/wp-json\/wp\/v2\/pages\/71726\/revisions\/71985"}],"wp:attachment":[{"href":"https:\/\/www.naturheilpraxis1a.ch\/index.php\/wp-json\/wp\/v2\/media?parent=71726"}],"curies":[{"name":"wp","href":"https:\/\/api.w.org\/{rel}","templated":true}]}}